{"id":3,"date":"2021-09-03T01:50:43","date_gmt":"2021-09-03T01:50:43","guid":{"rendered":"https:\/\/www.vouga.com.py\/?page_id=3"},"modified":"2022-08-04T20:42:48","modified_gmt":"2022-08-04T20:42:48","slug":"privacy-policy","status":"publish","type":"page","link":"https:\/\/www.vouga.com.py\/en\/privacy-policy\/","title":{"rendered":"T\u00e9rminos Legales"},"content":{"rendered":"<div data-elementor-type=\"wp-page\" data-elementor-id=\"3\" class=\"elementor elementor-3\">\n\t\t\t\t\t\t<section class=\"elementor-section elementor-top-section elementor-element elementor-element-2fc75a8d elementor-section-boxed elementor-section-height-default elementor-section-height-default\" data-id=\"2fc75a8d\" data-element_type=\"section\" data-settings=\"{&quot;jet_parallax_layout_list&quot;:[]}\">\n\t\t\t\t\t\t<div class=\"elementor-container elementor-column-gap-default\">\n\t\t\t\t\t<div class=\"elementor-column elementor-col-100 elementor-top-column elementor-element elementor-element-4828b91e\" data-id=\"4828b91e\" data-element_type=\"column\">\n\t\t\t<div class=\"elementor-widget-wrap elementor-element-populated\">\n\t\t\t\t\t\t<div class=\"elementor-element elementor-element-35c6c64a elementor-widget elementor-widget-text-editor\" data-id=\"35c6c64a\" data-element_type=\"widget\" data-widget_type=\"text-editor.default\">\n\t\t\t\t<div class=\"elementor-widget-container\">\n\t\t\t\t\t\t\t\t\t\n<p>The information and materials provided by Vouga Abogados in this website to its website visitors is for information purposes only.<\/p>\n\n\n\n<p>Vouga Abogados and its members make no guarantee or warranty as to the accuracy or completeness of the information contained in this website. Information and publications contained in the website are, in the majority of cases, general in nature and cannot be applicable to any particular case. On no account should the material or information herein contained be construed as legal advice from Vouga Abogados.<\/p>\n\n\n\n<p>All materials in this website are protected by copyright under applicable laws and, except as otherwise indicated below, may not be used or copied unless prior written consent of a partner of Vouga Abogados is obtained. Copies for own personal use or copies (in paper or electronic form) of reasonable extracts on an occasional basis may be given by users free of charge to colleagues and clients for their personal use, provided Vouga Abogados is acknowledged as the source, the text remains unaltered and recipients are informed of this disclaimer.<\/p>\n\n\n\n<p>Vouga Abogados is not responsible for any third-party content that may be accessed through this site.<\/p>\n\t\t\t\t\t\t\t\t<\/div>\n\t\t\t\t<\/div>\n\t\t\t\t\t<\/div>\n\t\t<\/div>\n\t\t\t\t\t<\/div>\n\t\t<\/section>\n\t\t\t\t<\/div>","protected":false},"excerpt":{"rendered":"<p>La informaci\u00f3n y los materiales prove\u00eddos por Vouga Abogados a sus visitantes es en este sitio web, es a los meros efectos informativos. Vouga Abogados y sus miembros no garantizan la exactitud o integridad de la informaci\u00f3n contenida en este sitio web. Las informaciones y publicaciones contenidas en este sitio web son, en la mayor\u00eda [&hellip;]<\/p>","protected":false},"author":1,"featured_media":2188,"parent":0,"menu_order":0,"comment_status":"closed","ping_status":"open","template":"","meta":{"_acf_changed":false,"iawp_total_views":18,"footnotes":""},"class_list":["post-3","page","type-page","status-publish","has-post-thumbnail","hentry"],"acf":[],"yoast_head":"<!-- This site is optimized with the Yoast SEO plugin v25.9 - https:\/\/yoast.com\/wordpress\/plugins\/seo\/ -->\n<title>T\u00e9rminos Legales - Vouga Abogados<\/title>\n<meta name=\"robots\" content=\"index, follow, max-snippet:-1, max-image-preview:large, max-video-preview:-1\" \/>\n<link rel=\"canonical\" href=\"https:\/\/www.vouga.com.py\/en\/privacy-policy\/\" \/>\n<meta property=\"og:locale\" content=\"en_US\" \/>\n<meta property=\"og:type\" content=\"article\" \/>\n<meta property=\"og:title\" content=\"T\u00e9rminos Legales - Vouga Abogados\" \/>\n<meta property=\"og:description\" content=\"La informaci\u00f3n y los materiales prove\u00eddos por Vouga Abogados a sus visitantes es en este sitio web, es a los meros efectos informativos. Vouga Abogados y sus miembros no garantizan la exactitud o integridad de la informaci\u00f3n contenida en este sitio web. Las informaciones y publicaciones contenidas en este sitio web son, en la mayor\u00eda [&hellip;]\" \/>\n<meta property=\"og:url\" content=\"https:\/\/www.vouga.com.py\/en\/privacy-policy\/\" \/>\n<meta property=\"og:site_name\" content=\"Vouga Abogados\" \/>\n<meta property=\"article:modified_time\" content=\"2022-08-04T20:42:48+00:00\" \/>\n<meta property=\"og:image\" content=\"https:\/\/www.vouga.com.py\/wp-content\/uploads\/2022\/04\/home.jpeg\" \/>\n\t<meta property=\"og:image:width\" content=\"2000\" \/>\n\t<meta property=\"og:image:height\" content=\"1333\" \/>\n\t<meta property=\"og:image:type\" content=\"image\/jpeg\" \/>\n<meta name=\"twitter:card\" content=\"summary_large_image\" \/>\n<meta name=\"twitter:label1\" content=\"Est. reading time\" \/>\n\t<meta name=\"twitter:data1\" content=\"1 minute\" \/>\n<script type=\"application\/ld+json\" class=\"yoast-schema-graph\">{\"@context\":\"https:\/\/schema.org\",\"@graph\":[{\"@type\":\"WebPage\",\"@id\":\"https:\/\/www.vouga.com.py\/privacy-policy\/\",\"url\":\"https:\/\/www.vouga.com.py\/privacy-policy\/\",\"name\":\"T\u00e9rminos Legales - Vouga Abogados\",\"isPartOf\":{\"@id\":\"https:\/\/www.vouga.com.py\/#website\"},\"primaryImageOfPage\":{\"@id\":\"https:\/\/www.vouga.com.py\/privacy-policy\/#primaryimage\"},\"image\":{\"@id\":\"https:\/\/www.vouga.com.py\/privacy-policy\/#primaryimage\"},\"thumbnailUrl\":\"https:\/\/www.vouga.com.py\/wp-content\/uploads\/2022\/04\/home.jpeg\",\"datePublished\":\"2021-09-03T01:50:43+00:00\",\"dateModified\":\"2022-08-04T20:42:48+00:00\",\"breadcrumb\":{\"@id\":\"https:\/\/www.vouga.com.py\/privacy-policy\/#breadcrumb\"},\"inLanguage\":\"en-US\",\"potentialAction\":[{\"@type\":\"ReadAction\",\"target\":[\"https:\/\/www.vouga.com.py\/privacy-policy\/\"]}]},{\"@type\":\"ImageObject\",\"inLanguage\":\"en-US\",\"@id\":\"https:\/\/www.vouga.com.py\/privacy-policy\/#primaryimage\",\"url\":\"https:\/\/www.vouga.com.py\/wp-content\/uploads\/2022\/04\/home.jpeg\",\"contentUrl\":\"https:\/\/www.vouga.com.py\/wp-content\/uploads\/2022\/04\/home.jpeg\",\"width\":2000,\"height\":1333},{\"@type\":\"BreadcrumbList\",\"@id\":\"https:\/\/www.vouga.com.py\/privacy-policy\/#breadcrumb\",\"itemListElement\":[{\"@type\":\"ListItem\",\"position\":1,\"name\":\"Portada\",\"item\":\"https:\/\/www.vouga.com.py\/\"},{\"@type\":\"ListItem\",\"position\":2,\"name\":\"T\u00e9rminos Legales\"}]},{\"@type\":\"WebSite\",\"@id\":\"https:\/\/www.vouga.com.py\/#website\",\"url\":\"https:\/\/www.vouga.com.py\/\",\"name\":\"Vouga Abogados\",\"description\":\"\",\"potentialAction\":[{\"@type\":\"SearchAction\",\"target\":{\"@type\":\"EntryPoint\",\"urlTemplate\":\"https:\/\/www.vouga.com.py\/?s={search_term_string}\"},\"query-input\":{\"@type\":\"PropertyValueSpecification\",\"valueRequired\":true,\"valueName\":\"search_term_string\"}}],\"inLanguage\":\"en-US\"}]}<\/script>\n<!-- \/ Yoast SEO plugin. -->","yoast_head_json":{"title":"T\u00e9rminos Legales - Vouga Abogados","robots":{"index":"index","follow":"follow","max-snippet":"max-snippet:-1","max-image-preview":"max-image-preview:large","max-video-preview":"max-video-preview:-1"},"canonical":"https:\/\/www.vouga.com.py\/en\/privacy-policy\/","og_locale":"en_US","og_type":"article","og_title":"T\u00e9rminos Legales - Vouga Abogados","og_description":"La informaci\u00f3n y los materiales prove\u00eddos por Vouga Abogados a sus visitantes es en este sitio web, es a los meros efectos informativos. Vouga Abogados y sus miembros no garantizan la exactitud o integridad de la informaci\u00f3n contenida en este sitio web. Las informaciones y publicaciones contenidas en este sitio web son, en la mayor\u00eda [&hellip;]","og_url":"https:\/\/www.vouga.com.py\/en\/privacy-policy\/","og_site_name":"Vouga Abogados","article_modified_time":"2022-08-04T20:42:48+00:00","og_image":[{"width":2000,"height":1333,"url":"https:\/\/www.vouga.com.py\/wp-content\/uploads\/2022\/04\/home.jpeg","type":"image\/jpeg"}],"twitter_card":"summary_large_image","twitter_misc":{"Est. reading time":"1 minute"},"schema":{"@context":"https:\/\/schema.org","@graph":[{"@type":"WebPage","@id":"https:\/\/www.vouga.com.py\/privacy-policy\/","url":"https:\/\/www.vouga.com.py\/privacy-policy\/","name":"T\u00e9rminos Legales - Vouga Abogados","isPartOf":{"@id":"https:\/\/www.vouga.com.py\/#website"},"primaryImageOfPage":{"@id":"https:\/\/www.vouga.com.py\/privacy-policy\/#primaryimage"},"image":{"@id":"https:\/\/www.vouga.com.py\/privacy-policy\/#primaryimage"},"thumbnailUrl":"https:\/\/www.vouga.com.py\/wp-content\/uploads\/2022\/04\/home.jpeg","datePublished":"2021-09-03T01:50:43+00:00","dateModified":"2022-08-04T20:42:48+00:00","breadcrumb":{"@id":"https:\/\/www.vouga.com.py\/privacy-policy\/#breadcrumb"},"inLanguage":"en-US","potentialAction":[{"@type":"ReadAction","target":["https:\/\/www.vouga.com.py\/privacy-policy\/"]}]},{"@type":"ImageObject","inLanguage":"en-US","@id":"https:\/\/www.vouga.com.py\/privacy-policy\/#primaryimage","url":"https:\/\/www.vouga.com.py\/wp-content\/uploads\/2022\/04\/home.jpeg","contentUrl":"https:\/\/www.vouga.com.py\/wp-content\/uploads\/2022\/04\/home.jpeg","width":2000,"height":1333},{"@type":"BreadcrumbList","@id":"https:\/\/www.vouga.com.py\/privacy-policy\/#breadcrumb","itemListElement":[{"@type":"ListItem","position":1,"name":"Portada","item":"https:\/\/www.vouga.com.py\/"},{"@type":"ListItem","position":2,"name":"T\u00e9rminos Legales"}]},{"@type":"WebSite","@id":"https:\/\/www.vouga.com.py\/#website","url":"https:\/\/www.vouga.com.py\/","name":"Vouga Abogados","description":"","potentialAction":[{"@type":"SearchAction","target":{"@type":"EntryPoint","urlTemplate":"https:\/\/www.vouga.com.py\/?s={search_term_string}"},"query-input":{"@type":"PropertyValueSpecification","valueRequired":true,"valueName":"search_term_string"}}],"inLanguage":"en-US"}]}},"_links":{"self":[{"href":"https:\/\/www.vouga.com.py\/en\/wp-json\/wp\/v2\/pages\/3","targetHints":{"allow":["GET"]}}],"collection":[{"href":"https:\/\/www.vouga.com.py\/en\/wp-json\/wp\/v2\/pages"}],"about":[{"href":"https:\/\/www.vouga.com.py\/en\/wp-json\/wp\/v2\/types\/page"}],"author":[{"embeddable":true,"href":"https:\/\/www.vouga.com.py\/en\/wp-json\/wp\/v2\/users\/1"}],"replies":[{"embeddable":true,"href":"https:\/\/www.vouga.com.py\/en\/wp-json\/wp\/v2\/comments?post=3"}],"version-history":[{"count":6,"href":"https:\/\/www.vouga.com.py\/en\/wp-json\/wp\/v2\/pages\/3\/revisions"}],"predecessor-version":[{"id":3304,"href":"https:\/\/www.vouga.com.py\/en\/wp-json\/wp\/v2\/pages\/3\/revisions\/3304"}],"wp:featuredmedia":[{"embeddable":true,"href":"https:\/\/www.vouga.com.py\/en\/wp-json\/wp\/v2\/media\/2188"}],"wp:attachment":[{"href":"https:\/\/www.vouga.com.py\/en\/wp-json\/wp\/v2\/media?parent=3"}],"curies":[{"name":"wp","href":"https:\/\/api.w.org\/{rel}","templated":true}]}}